{"id":953,"date":"2024-02-13T15:16:32","date_gmt":"2024-02-13T15:16:32","guid":{"rendered":"https:\/\/antonija.de\/iznajmljivanje-bicikala-u-blizini-rogoznice"},"modified":"2024-08-05T10:59:11","modified_gmt":"2024-08-05T10:59:11","slug":"iznajmljivanje-bicikala-u-blizini-rogoznice","status":"publish","type":"page","link":"https:\/\/antonija.de\/hr\/iznajmljivanje-bicikala-u-blizini-rogoznice","title":{"rendered":"Iznajmljivanje bicikala u blizini Rogoznice"},"content":{"rendered":"\t\t<div data-elementor-type=\"wp-page\" data-elementor-id=\"953\" class=\"elementor elementor-953 elementor-570\" data-elementor-post-type=\"page\">\n\t\t\t\t<div class=\"elementor-element elementor-element-0703472 e-flex e-con-boxed e-con e-parent\" data-id=\"0703472\" data-element_type=\"container\" data-settings=\"{&quot;background_background&quot;:&quot;classic&quot;}\">\n\t\t\t\t\t<div class=\"e-con-inner\">\n\t\t\t\t<div class=\"elementor-element elementor-element-cbc8965 elementor-widget__width-initial elementor-widget elementor-widget-heading\" data-id=\"cbc8965\" data-element_type=\"widget\" data-widget_type=\"heading.default\">\n\t\t\t\t<div class=\"elementor-widget-container\">\n\t\t\t\t\t<h1 class=\"elementor-heading-title elementor-size-default\">Rent a bike Dado u Rogoznici<\/h1>\t\t\t\t<\/div>\n\t\t\t\t<\/div>\n\t\t\t\t<div class=\"elementor-element elementor-element-e90c1a4 elementor-widget elementor-widget-button\" data-id=\"e90c1a4\" data-element_type=\"widget\" data-widget_type=\"button.default\">\n\t\t\t\t<div class=\"elementor-widget-container\">\n\t\t\t\t\t\t\t\t\t<div class=\"elementor-button-wrapper\">\n\t\t\t\t\t<a class=\"elementor-button elementor-button-link elementor-size-sm\" href=\"#buchen\">\n\t\t\t\t\t\t<span class=\"elementor-button-content-wrapper\">\n\t\t\t\t\t\t\t\t\t<span class=\"elementor-button-text\">Rezervirajte sada<\/span>\n\t\t\t\t\t<\/span>\n\t\t\t\t\t<\/a>\n\t\t\t\t<\/div>\n\t\t\t\t\t\t\t\t<\/div>\n\t\t\t\t<\/div>\n\t\t\t\t\t<\/div>\n\t\t\t\t<\/div>\n\t\t<div class=\"elementor-element elementor-element-af46c73 e-flex e-con-boxed e-con e-parent\" data-id=\"af46c73\" data-element_type=\"container\">\n\t\t\t\t\t<div class=\"e-con-inner\">\n\t\t<div class=\"elementor-element elementor-element-09ffb47 e-con-full e-flex e-con e-child\" data-id=\"09ffb47\" data-element_type=\"container\" data-settings=\"{&quot;background_background&quot;:&quot;classic&quot;}\">\n\t\t\t\t<div class=\"elementor-element elementor-element-0f41255 elementor-widget__width-initial elementor-widget elementor-widget-heading\" data-id=\"0f41255\" data-element_type=\"widget\" data-widget_type=\"heading.default\">\n\t\t\t\t<div class=\"elementor-widget-container\">\n\t\t\t\t\t<h2 class=\"elementor-heading-title elementor-size-default\">Iznajmljivanje bicikala u Rogoznici Hrvatska<\/h2>\t\t\t\t<\/div>\n\t\t\t\t<\/div>\n\t\t\t\t<div class=\"elementor-element elementor-element-871cfd0 elementor-widget__width-initial elementor-widget elementor-widget-text-editor\" data-id=\"871cfd0\" data-element_type=\"widget\" data-widget_type=\"text-editor.default\">\n\t\t\t\t<div class=\"elementor-widget-container\">\n\t\t\t\t\t\t\t\t\t<p>U\u010dinite svoj odmor u Rogoznici nezaboravnom avanturom i istra\u017eite slikoviti krajolik i skrivena blaga dalmatinske obale na sasvim poseban na\u010din &#8211; s biciklom iz Dado Rent a Bikea.<\/p>\n<p>Na\u0161 najam bicikala nudi vam slobodu otkrivanja Rogoznice i njezine okolice vlastitim tempom. Bilo da \u017eelite biciklirati du\u017e obale, voziti se \u0161armantnim ulicama grada ili istra\u017eiti prekrasnu prirodu regije &#8211; s visokokvalitetnim biciklom Dado Rent a Bikea dobro ste opremljeni.<\/p>\n\t\t\t\t\t\t\t\t<\/div>\n\t\t\t\t<\/div>\n\t\t\t\t<div class=\"elementor-element elementor-element-9fa0be2 elementor-widget elementor-widget-button\" data-id=\"9fa0be2\" data-element_type=\"widget\" data-widget_type=\"button.default\">\n\t\t\t\t<div class=\"elementor-widget-container\">\n\t\t\t\t\t\t\t\t\t<div class=\"elementor-button-wrapper\">\n\t\t\t\t\t<a class=\"elementor-button elementor-button-link elementor-size-sm\" href=\"#buchen\">\n\t\t\t\t\t\t<span class=\"elementor-button-content-wrapper\">\n\t\t\t\t\t\t\t\t\t<span class=\"elementor-button-text\">Rezervirajte bicikl<\/span>\n\t\t\t\t\t<\/span>\n\t\t\t\t\t<\/a>\n\t\t\t\t<\/div>\n\t\t\t\t\t\t\t\t<\/div>\n\t\t\t\t<\/div>\n\t\t\t\t<\/div>\n\t\t<div class=\"elementor-element elementor-element-7b5900c e-con-full e-flex e-con e-child\" data-id=\"7b5900c\" data-element_type=\"container\">\n\t\t\t\t<div class=\"elementor-element elementor-element-1ce0e3f elementor-widget elementor-widget-image\" data-id=\"1ce0e3f\" data-element_type=\"widget\" data-widget_type=\"image.default\">\n\t\t\t\t<div class=\"elementor-widget-container\">\n\t\t\t\t\t\t\t\t\t\t\t\t\t\t\t<img fetchpriority=\"high\" decoding=\"async\" width=\"1920\" height=\"1280\" src=\"https:\/\/antonija.de\/wp-content\/uploads\/2024\/02\/Rent-a-bike-rogoznica-1.jpg\" class=\"attachment-full size-full wp-image-578\" alt=\"\" srcset=\"https:\/\/antonija.de\/wp-content\/uploads\/2024\/02\/Rent-a-bike-rogoznica-1.jpg 1920w, https:\/\/antonija.de\/wp-content\/uploads\/2024\/02\/Rent-a-bike-rogoznica-1-300x200.jpg 300w, https:\/\/antonija.de\/wp-content\/uploads\/2024\/02\/Rent-a-bike-rogoznica-1-1024x683.jpg 1024w, https:\/\/antonija.de\/wp-content\/uploads\/2024\/02\/Rent-a-bike-rogoznica-1-768x512.jpg 768w, https:\/\/antonija.de\/wp-content\/uploads\/2024\/02\/Rent-a-bike-rogoznica-1-1536x1024.jpg 1536w\" sizes=\"(max-width: 1920px) 100vw, 1920px\" \/>\t\t\t\t\t\t\t\t\t\t\t\t\t\t\t<\/div>\n\t\t\t\t<\/div>\n\t\t\t\t<\/div>\n\t\t\t\t\t<\/div>\n\t\t\t\t<\/div>\n\t\t<div class=\"elementor-element elementor-element-88cedaa e-flex e-con-boxed e-con e-parent\" data-id=\"88cedaa\" data-element_type=\"container\" id=\"buchen\">\n\t\t\t\t\t<div class=\"e-con-inner\">\n\t\t<div class=\"elementor-element elementor-element-df39587 e-con-full e-flex e-con e-child\" data-id=\"df39587\" data-element_type=\"container\">\n\t\t\t\t<div class=\"elementor-element elementor-element-ffa6477 elementor-widget elementor-widget-image\" data-id=\"ffa6477\" data-element_type=\"widget\" data-widget_type=\"image.default\">\n\t\t\t\t<div class=\"elementor-widget-container\">\n\t\t\t\t\t\t\t\t\t\t\t\t\t\t\t<img decoding=\"async\" width=\"1024\" height=\"768\" src=\"https:\/\/antonija.de\/wp-content\/uploads\/2024\/01\/5bb149da-872e-46b3-a1aa-68b2b4f7ad72.jpg\" class=\"attachment-full size-full wp-image-327\" alt=\"\" srcset=\"https:\/\/antonija.de\/wp-content\/uploads\/2024\/01\/5bb149da-872e-46b3-a1aa-68b2b4f7ad72.jpg 1024w, https:\/\/antonija.de\/wp-content\/uploads\/2024\/01\/5bb149da-872e-46b3-a1aa-68b2b4f7ad72-300x225.jpg 300w, https:\/\/antonija.de\/wp-content\/uploads\/2024\/01\/5bb149da-872e-46b3-a1aa-68b2b4f7ad72-768x576.jpg 768w\" sizes=\"(max-width: 1024px) 100vw, 1024px\" \/>\t\t\t\t\t\t\t\t\t\t\t\t\t\t\t<\/div>\n\t\t\t\t<\/div>\n\t\t\t\t<\/div>\n\t\t<div class=\"elementor-element elementor-element-30d9aac e-con-full e-flex e-con e-child\" data-id=\"30d9aac\" data-element_type=\"container\">\n\t\t\t\t<div class=\"elementor-element elementor-element-48396c9 elementor-widget__width-inherit elementor-widget elementor-widget-heading\" data-id=\"48396c9\" data-element_type=\"widget\" data-widget_type=\"heading.default\">\n\t\t\t\t<div class=\"elementor-widget-container\">\n\t\t\t\t\t<h2 class=\"elementor-heading-title elementor-size-default\">Po\u0161aljite nam upit ili nas nazovite direktno<\/h2>\t\t\t\t<\/div>\n\t\t\t\t<\/div>\n\t\t\t\t<div class=\"elementor-element elementor-element-c55b69f elementor-mobile-align-justify elementor-widget elementor-widget-button\" data-id=\"c55b69f\" data-element_type=\"widget\" data-widget_type=\"button.default\">\n\t\t\t\t<div class=\"elementor-widget-container\">\n\t\t\t\t\t\t\t\t\t<div class=\"elementor-button-wrapper\">\n\t\t\t\t\t<a class=\"elementor-button elementor-button-link elementor-size-sm\" href=\"tel:+4915785534116\">\n\t\t\t\t\t\t<span class=\"elementor-button-content-wrapper\">\n\t\t\t\t\t\t<span class=\"elementor-button-icon\">\n\t\t\t\t<svg aria-hidden=\"true\" class=\"e-font-icon-svg e-fas-phone-alt\" viewBox=\"0 0 512 512\" xmlns=\"http:\/\/www.w3.org\/2000\/svg\"><path d=\"M497.39 361.8l-112-48a24 24 0 0 0-28 6.9l-49.6 60.6A370.66 370.66 0 0 1 130.6 204.11l60.6-49.6a23.94 23.94 0 0 0 6.9-28l-48-112A24.16 24.16 0 0 0 122.6.61l-104 24A24 24 0 0 0 0 48c0 256.5 207.9 464 464 464a24 24 0 0 0 23.4-18.6l24-104a24.29 24.29 0 0 0-14.01-27.6z\"><\/path><\/svg>\t\t\t<\/span>\n\t\t\t\t\t\t\t\t\t<span class=\"elementor-button-text\">Broj telefona: +49 157 \/ 8553 4116<\/span>\n\t\t\t\t\t<\/span>\n\t\t\t\t\t<\/a>\n\t\t\t\t<\/div>\n\t\t\t\t\t\t\t\t<\/div>\n\t\t\t\t<\/div>\n\t\t\t\t<div class=\"elementor-element elementor-element-f7afed5 elementor-widget__width-inherit elementor-widget elementor-widget-heading\" data-id=\"f7afed5\" data-element_type=\"widget\" data-widget_type=\"heading.default\">\n\t\t\t\t<div class=\"elementor-widget-container\">\n\t\t\t\t\t<h3 class=\"elementor-heading-title elementor-size-default\">Po\u0161aljite upit<\/h3>\t\t\t\t<\/div>\n\t\t\t\t<\/div>\n\t\t\t\t<div class=\"elementor-element elementor-element-f7209e2 elementor-button-align-stretch elementor-widget elementor-widget-form\" data-id=\"f7209e2\" data-element_type=\"widget\" data-settings=\"{&quot;step_next_label&quot;:&quot;Sljede\\u0107i&quot;,&quot;step_previous_label&quot;:&quot;Prethodno&quot;,&quot;button_width&quot;:&quot;100&quot;,&quot;step_type&quot;:&quot;number_text&quot;,&quot;step_icon_shape&quot;:&quot;circle&quot;}\" data-widget_type=\"form.default\">\n\t\t\t\t<div class=\"elementor-widget-container\">\n\t\t\t\t\t\t\t<form class=\"elementor-form\" method=\"post\" name=\"Nova forma\">\n\t\t\t<input type=\"hidden\" name=\"post_id\" value=\"953\"\/>\n\t\t\t<input type=\"hidden\" name=\"form_id\" value=\"f7209e2\"\/>\n\t\t\t<input type=\"hidden\" name=\"referer_title\" value=\"Antonija Apartments &amp; Villa Rogoznica\" \/>\n\n\t\t\t\n\t\t\t<div class=\"elementor-form-fields-wrapper elementor-labels-\">\n\t\t\t\t\t\t\t\t<div class=\"elementor-field-type-date elementor-field-group elementor-column elementor-field-group-field_d4a3be0 elementor-col-50 elementor-field-required\">\n\t\t\t\t\t\n\t\t<input type=\"date\" name=\"form_fields[field_d4a3be0]\" id=\"form-field-field_d4a3be0\" class=\"elementor-field elementor-size-sm  elementor-field-textual elementor-date-field\" placeholder=\"Odaberite datum*\" required=\"required\" pattern=\"[0-9]{4}-[0-9]{2}-[0-9]{2}\">\n\t\t\t\t\t\t<\/div>\n\t\t\t\t\t\t\t\t<div class=\"elementor-field-type-time elementor-field-group elementor-column elementor-field-group-field_85cafe3 elementor-col-50 elementor-field-required\">\n\t\t\t\t\t\t\t<input type=\"time\" name=\"form_fields[field_85cafe3]\" id=\"form-field-field_85cafe3\" class=\"elementor-field elementor-size-sm  elementor-field-textual elementor-time-field\" placeholder=\"Odaberite vrijeme*\" required=\"required\">\n\t\t\t\t\t\t<\/div>\n\t\t\t\t\t\t\t\t<div class=\"elementor-field-type-text elementor-field-group elementor-column elementor-field-group-name elementor-col-50 elementor-field-required\">\n\t\t\t\t\t\t\t\t\t\t\t\t<label for=\"form-field-name\" class=\"elementor-field-label elementor-screen-only\">\n\t\t\t\t\t\t\t\tIme\t\t\t\t\t\t\t<\/label>\n\t\t\t\t\t\t\t\t\t\t\t\t\t\t<input size=\"1\" type=\"text\" name=\"form_fields[name]\" id=\"form-field-name\" class=\"elementor-field elementor-size-sm  elementor-field-textual\" placeholder=\"Ime*\" required=\"required\">\n\t\t\t\t\t\t\t\t\t\t\t<\/div>\n\t\t\t\t\t\t\t\t<div class=\"elementor-field-type-text elementor-field-group elementor-column elementor-field-group-field_a5953dc elementor-col-50 elementor-field-required\">\n\t\t\t\t\t\t\t\t\t\t\t\t<label for=\"form-field-field_a5953dc\" class=\"elementor-field-label elementor-screen-only\">\n\t\t\t\t\t\t\t\tPrezime\t\t\t\t\t\t\t<\/label>\n\t\t\t\t\t\t\t\t\t\t\t\t\t\t<input size=\"1\" type=\"text\" name=\"form_fields[field_a5953dc]\" id=\"form-field-field_a5953dc\" class=\"elementor-field elementor-size-sm  elementor-field-textual\" placeholder=\"Prezime*\" required=\"required\">\n\t\t\t\t\t\t\t\t\t\t\t<\/div>\n\t\t\t\t\t\t\t\t<div class=\"elementor-field-type-email elementor-field-group elementor-column elementor-field-group-email elementor-col-50 elementor-field-required\">\n\t\t\t\t\t\t\t\t\t\t\t\t<label for=\"form-field-email\" class=\"elementor-field-label elementor-screen-only\">\n\t\t\t\t\t\t\t\te-mail\t\t\t\t\t\t\t<\/label>\n\t\t\t\t\t\t\t\t\t\t\t\t\t\t<input size=\"1\" type=\"email\" name=\"form_fields[email]\" id=\"form-field-email\" class=\"elementor-field elementor-size-sm  elementor-field-textual\" placeholder=\"E-mail*\" required=\"required\">\n\t\t\t\t\t\t\t\t\t\t\t<\/div>\n\t\t\t\t\t\t\t\t<div class=\"elementor-field-type-tel elementor-field-group elementor-column elementor-field-group-field_62f106d elementor-col-50 elementor-field-required\">\n\t\t\t\t\t\t\t\t\t\t\t\t<label for=\"form-field-field_62f106d\" class=\"elementor-field-label elementor-screen-only\">\n\t\t\t\t\t\t\t\tTelefon*\t\t\t\t\t\t\t<\/label>\n\t\t\t\t\t\t\t\t<input size=\"1\" type=\"tel\" name=\"form_fields[field_62f106d]\" id=\"form-field-field_62f106d\" class=\"elementor-field elementor-size-sm  elementor-field-textual\" placeholder=\"telefon\" required=\"required\" pattern=\"[0-9()#&amp;+*-=.]+\" title=\"Only numbers and phone characters (#, -, *, etc) are accepted.\">\n\n\t\t\t\t\t\t<\/div>\n\t\t\t\t\t\t\t\t<div class=\"elementor-field-type-number elementor-field-group elementor-column elementor-field-group-field_488f876 elementor-col-100 elementor-field-required\">\n\t\t\t\t\t\t\t\t<input type=\"number\" name=\"form_fields[field_488f876]\" id=\"form-field-field_488f876\" class=\"elementor-field elementor-size-sm  elementor-field-textual\" placeholder=\"Koliko bicikala \u017eelite rezervirati?\" required=\"required\" min=\"1\" max=\"5\" >\n\t\t\t\t\t\t<\/div>\n\t\t\t\t\t\t\t\t<div class=\"elementor-field-group elementor-column elementor-field-type-submit elementor-col-100 e-form__buttons\">\n\t\t\t\t\t<button class=\"elementor-button elementor-size-sm\" type=\"submit\">\n\t\t\t\t\t\t<span class=\"elementor-button-content-wrapper\">\n\t\t\t\t\t\t\t\t\t\t\t\t\t\t\t\t\t\t\t\t\t\t<span class=\"elementor-button-text\">Poslati<\/span>\n\t\t\t\t\t\t\t\t\t\t\t\t\t<\/span>\n\t\t\t\t\t<\/button>\n\t\t\t\t<\/div>\n\t\t\t<\/div>\n\t\t<\/form>\n\t\t\t\t\t\t<\/div>\n\t\t\t\t<\/div>\n\t\t\t\t<\/div>\n\t\t\t\t\t<\/div>\n\t\t\t\t<\/div>\n\t\t\t\t<\/div>\n\t\t","protected":false},"excerpt":{"rendered":"<p>Rent a bike Dado u Rogoznici Rezervirajte sada Iznajmljivanje bicikala u Rogoznici Hrvatska U\u010dinite svoj odmor u Rogoznici nezaboravnom avanturom i istra\u017eite slikoviti krajolik i skrivena blaga dalmatinske obale na sasvim poseban na\u010din &#8211; s biciklom iz Dado Rent a Bikea. Na\u0161 najam bicikala nudi vam slobodu otkrivanja Rogoznice i njezine okolice vlastitim tempom. Bilo [&hellip;]<\/p>\n","protected":false},"author":2,"featured_media":0,"parent":0,"menu_order":0,"comment_status":"closed","ping_status":"closed","template":"","meta":{"footnotes":""},"class_list":["post-953","page","type-page","status-publish","hentry"],"yoast_head":"<!-- This site is optimized with the Yoast SEO plugin v24.4 - https:\/\/yoast.com\/wordpress\/plugins\/seo\/ -->\n<title>Iznajmljivanje bicikala u blizini Rogoznice - Antonija Apartments &amp; Villa Rogoznica<\/title>\n<meta name=\"robots\" content=\"index, follow, max-snippet:-1, max-image-preview:large, max-video-preview:-1\" \/>\n<link rel=\"canonical\" href=\"https:\/\/antonija.de\/hr\/iznajmljivanje-bicikala-u-blizini-rogoznice\" \/>\n<meta property=\"og:locale\" content=\"hr_HR\" \/>\n<meta property=\"og:type\" content=\"article\" \/>\n<meta property=\"og:title\" content=\"Iznajmljivanje bicikala u blizini Rogoznice - Antonija Apartments &amp; Villa Rogoznica\" \/>\n<meta property=\"og:description\" content=\"Rent a bike Dado u Rogoznici Rezervirajte sada Iznajmljivanje bicikala u Rogoznici Hrvatska U\u010dinite svoj odmor u Rogoznici nezaboravnom avanturom i istra\u017eite slikoviti krajolik i skrivena blaga dalmatinske obale na sasvim poseban na\u010din &#8211; s biciklom iz Dado Rent a Bikea. Na\u0161 najam bicikala nudi vam slobodu otkrivanja Rogoznice i njezine okolice vlastitim tempom. Bilo [&hellip;]\" \/>\n<meta property=\"og:url\" content=\"https:\/\/antonija.de\/hr\/iznajmljivanje-bicikala-u-blizini-rogoznice\" \/>\n<meta property=\"og:site_name\" content=\"Antonija Apartments &amp; Villa Rogoznica\" \/>\n<meta property=\"article:modified_time\" content=\"2024-08-05T10:59:11+00:00\" \/>\n<meta property=\"og:image\" content=\"https:\/\/antonija.de\/wp-content\/uploads\/2024\/02\/Rent-a-bike-rogoznica-1.jpg\" \/>\n<meta name=\"twitter:card\" content=\"summary_large_image\" \/>\n<meta name=\"twitter:label1\" content=\"Procijenjeno vrijeme \u010ditanja\" \/>\n\t<meta name=\"twitter:data1\" content=\"1 minuta\" \/>\n<script type=\"application\/ld+json\" class=\"yoast-schema-graph\">{\"@context\":\"https:\/\/schema.org\",\"@graph\":[{\"@type\":\"WebPage\",\"@id\":\"https:\/\/antonija.de\/hr\/iznajmljivanje-bicikala-u-blizini-rogoznice\",\"url\":\"https:\/\/antonija.de\/hr\/iznajmljivanje-bicikala-u-blizini-rogoznice\",\"name\":\"Iznajmljivanje bicikala u blizini Rogoznice - Antonija Apartments &amp; Villa Rogoznica\",\"isPartOf\":{\"@id\":\"https:\/\/antonija.de\/hr#website\"},\"primaryImageOfPage\":{\"@id\":\"https:\/\/antonija.de\/hr\/iznajmljivanje-bicikala-u-blizini-rogoznice#primaryimage\"},\"image\":{\"@id\":\"https:\/\/antonija.de\/hr\/iznajmljivanje-bicikala-u-blizini-rogoznice#primaryimage\"},\"thumbnailUrl\":\"https:\/\/antonija.de\/wp-content\/uploads\/2024\/02\/Rent-a-bike-rogoznica-1.jpg\",\"datePublished\":\"2024-02-13T15:16:32+00:00\",\"dateModified\":\"2024-08-05T10:59:11+00:00\",\"breadcrumb\":{\"@id\":\"https:\/\/antonija.de\/hr\/iznajmljivanje-bicikala-u-blizini-rogoznice#breadcrumb\"},\"inLanguage\":\"hr\",\"potentialAction\":[{\"@type\":\"ReadAction\",\"target\":[\"https:\/\/antonija.de\/hr\/iznajmljivanje-bicikala-u-blizini-rogoznice\"]}]},{\"@type\":\"ImageObject\",\"inLanguage\":\"hr\",\"@id\":\"https:\/\/antonija.de\/hr\/iznajmljivanje-bicikala-u-blizini-rogoznice#primaryimage\",\"url\":\"https:\/\/antonija.de\/wp-content\/uploads\/2024\/02\/Rent-a-bike-rogoznica-1.jpg\",\"contentUrl\":\"https:\/\/antonija.de\/wp-content\/uploads\/2024\/02\/Rent-a-bike-rogoznica-1.jpg\"},{\"@type\":\"BreadcrumbList\",\"@id\":\"https:\/\/antonija.de\/hr\/iznajmljivanje-bicikala-u-blizini-rogoznice#breadcrumb\",\"itemListElement\":[{\"@type\":\"ListItem\",\"position\":1,\"name\":\"Startseite\",\"item\":\"https:\/\/antonija.de\/hr\"},{\"@type\":\"ListItem\",\"position\":2,\"name\":\"Iznajmljivanje bicikala u blizini Rogoznice\"}]},{\"@type\":\"WebSite\",\"@id\":\"https:\/\/antonija.de\/hr#website\",\"url\":\"https:\/\/antonija.de\/hr\",\"name\":\"Antonija Apartments & Villa Rogoznica\",\"description\":\"\",\"publisher\":{\"@id\":\"https:\/\/antonija.de\/hr#organization\"},\"potentialAction\":[{\"@type\":\"SearchAction\",\"target\":{\"@type\":\"EntryPoint\",\"urlTemplate\":\"https:\/\/antonija.de\/hr?s={search_term_string}\"},\"query-input\":{\"@type\":\"PropertyValueSpecification\",\"valueRequired\":true,\"valueName\":\"search_term_string\"}}],\"inLanguage\":\"hr\"},{\"@type\":\"Organization\",\"@id\":\"https:\/\/antonija.de\/hr#organization\",\"name\":\"Antonija Apartments & Villa Rogoznica\",\"url\":\"https:\/\/antonija.de\/hr\",\"logo\":{\"@type\":\"ImageObject\",\"inLanguage\":\"hr\",\"@id\":\"https:\/\/antonija.de\/hr#\/schema\/logo\/image\/\",\"url\":\"https:\/\/antonija.de\/wp-content\/uploads\/2024\/01\/Logo-Antonija-Apartments.svg\",\"contentUrl\":\"https:\/\/antonija.de\/wp-content\/uploads\/2024\/01\/Logo-Antonija-Apartments.svg\",\"width\":256,\"height\":56,\"caption\":\"Antonija Apartments & Villa Rogoznica\"},\"image\":{\"@id\":\"https:\/\/antonija.de\/hr#\/schema\/logo\/image\/\"}}]}<\/script>\n<!-- \/ Yoast SEO plugin. -->","yoast_head_json":{"title":"Iznajmljivanje bicikala u blizini Rogoznice - Antonija Apartments &amp; Villa Rogoznica","robots":{"index":"index","follow":"follow","max-snippet":"max-snippet:-1","max-image-preview":"max-image-preview:large","max-video-preview":"max-video-preview:-1"},"canonical":"https:\/\/antonija.de\/hr\/iznajmljivanje-bicikala-u-blizini-rogoznice","og_locale":"hr_HR","og_type":"article","og_title":"Iznajmljivanje bicikala u blizini Rogoznice - Antonija Apartments &amp; Villa Rogoznica","og_description":"Rent a bike Dado u Rogoznici Rezervirajte sada Iznajmljivanje bicikala u Rogoznici Hrvatska U\u010dinite svoj odmor u Rogoznici nezaboravnom avanturom i istra\u017eite slikoviti krajolik i skrivena blaga dalmatinske obale na sasvim poseban na\u010din &#8211; s biciklom iz Dado Rent a Bikea. Na\u0161 najam bicikala nudi vam slobodu otkrivanja Rogoznice i njezine okolice vlastitim tempom. Bilo [&hellip;]","og_url":"https:\/\/antonija.de\/hr\/iznajmljivanje-bicikala-u-blizini-rogoznice","og_site_name":"Antonija Apartments &amp; Villa Rogoznica","article_modified_time":"2024-08-05T10:59:11+00:00","og_image":[{"url":"https:\/\/antonija.de\/wp-content\/uploads\/2024\/02\/Rent-a-bike-rogoznica-1.jpg","type":"","width":"","height":""}],"twitter_card":"summary_large_image","twitter_misc":{"Procijenjeno vrijeme \u010ditanja":"1 minuta"},"schema":{"@context":"https:\/\/schema.org","@graph":[{"@type":"WebPage","@id":"https:\/\/antonija.de\/hr\/iznajmljivanje-bicikala-u-blizini-rogoznice","url":"https:\/\/antonija.de\/hr\/iznajmljivanje-bicikala-u-blizini-rogoznice","name":"Iznajmljivanje bicikala u blizini Rogoznice - Antonija Apartments &amp; Villa Rogoznica","isPartOf":{"@id":"https:\/\/antonija.de\/hr#website"},"primaryImageOfPage":{"@id":"https:\/\/antonija.de\/hr\/iznajmljivanje-bicikala-u-blizini-rogoznice#primaryimage"},"image":{"@id":"https:\/\/antonija.de\/hr\/iznajmljivanje-bicikala-u-blizini-rogoznice#primaryimage"},"thumbnailUrl":"https:\/\/antonija.de\/wp-content\/uploads\/2024\/02\/Rent-a-bike-rogoznica-1.jpg","datePublished":"2024-02-13T15:16:32+00:00","dateModified":"2024-08-05T10:59:11+00:00","breadcrumb":{"@id":"https:\/\/antonija.de\/hr\/iznajmljivanje-bicikala-u-blizini-rogoznice#breadcrumb"},"inLanguage":"hr","potentialAction":[{"@type":"ReadAction","target":["https:\/\/antonija.de\/hr\/iznajmljivanje-bicikala-u-blizini-rogoznice"]}]},{"@type":"ImageObject","inLanguage":"hr","@id":"https:\/\/antonija.de\/hr\/iznajmljivanje-bicikala-u-blizini-rogoznice#primaryimage","url":"https:\/\/antonija.de\/wp-content\/uploads\/2024\/02\/Rent-a-bike-rogoznica-1.jpg","contentUrl":"https:\/\/antonija.de\/wp-content\/uploads\/2024\/02\/Rent-a-bike-rogoznica-1.jpg"},{"@type":"BreadcrumbList","@id":"https:\/\/antonija.de\/hr\/iznajmljivanje-bicikala-u-blizini-rogoznice#breadcrumb","itemListElement":[{"@type":"ListItem","position":1,"name":"Startseite","item":"https:\/\/antonija.de\/hr"},{"@type":"ListItem","position":2,"name":"Iznajmljivanje bicikala u blizini Rogoznice"}]},{"@type":"WebSite","@id":"https:\/\/antonija.de\/hr#website","url":"https:\/\/antonija.de\/hr","name":"Antonija Apartments & Villa Rogoznica","description":"","publisher":{"@id":"https:\/\/antonija.de\/hr#organization"},"potentialAction":[{"@type":"SearchAction","target":{"@type":"EntryPoint","urlTemplate":"https:\/\/antonija.de\/hr?s={search_term_string}"},"query-input":{"@type":"PropertyValueSpecification","valueRequired":true,"valueName":"search_term_string"}}],"inLanguage":"hr"},{"@type":"Organization","@id":"https:\/\/antonija.de\/hr#organization","name":"Antonija Apartments & Villa Rogoznica","url":"https:\/\/antonija.de\/hr","logo":{"@type":"ImageObject","inLanguage":"hr","@id":"https:\/\/antonija.de\/hr#\/schema\/logo\/image\/","url":"https:\/\/antonija.de\/wp-content\/uploads\/2024\/01\/Logo-Antonija-Apartments.svg","contentUrl":"https:\/\/antonija.de\/wp-content\/uploads\/2024\/01\/Logo-Antonija-Apartments.svg","width":256,"height":56,"caption":"Antonija Apartments & Villa Rogoznica"},"image":{"@id":"https:\/\/antonija.de\/hr#\/schema\/logo\/image\/"}}]}},"_links":{"self":[{"href":"https:\/\/antonija.de\/hr\/wp-json\/wp\/v2\/pages\/953","targetHints":{"allow":["GET"]}}],"collection":[{"href":"https:\/\/antonija.de\/hr\/wp-json\/wp\/v2\/pages"}],"about":[{"href":"https:\/\/antonija.de\/hr\/wp-json\/wp\/v2\/types\/page"}],"author":[{"embeddable":true,"href":"https:\/\/antonija.de\/hr\/wp-json\/wp\/v2\/users\/2"}],"replies":[{"embeddable":true,"href":"https:\/\/antonija.de\/hr\/wp-json\/wp\/v2\/comments?post=953"}],"version-history":[{"count":2,"href":"https:\/\/antonija.de\/hr\/wp-json\/wp\/v2\/pages\/953\/revisions"}],"predecessor-version":[{"id":1474,"href":"https:\/\/antonija.de\/hr\/wp-json\/wp\/v2\/pages\/953\/revisions\/1474"}],"wp:attachment":[{"href":"https:\/\/antonija.de\/hr\/wp-json\/wp\/v2\/media?parent=953"}],"curies":[{"name":"wp","href":"https:\/\/api.w.org\/{rel}","templated":true}]}}