{"id":1286,"date":"2024-03-19T11:46:37","date_gmt":"2024-03-19T11:46:37","guid":{"rendered":"https:\/\/antonija.de\/uvjeti"},"modified":"2024-04-22T13:53:19","modified_gmt":"2024-04-22T13:53:19","slug":"uvjeti","status":"publish","type":"page","link":"https:\/\/antonija.de\/hr\/uvjeti","title":{"rendered":"Uvjeti"},"content":{"rendered":"\t\t<div data-elementor-type=\"wp-page\" data-elementor-id=\"1286\" class=\"elementor elementor-1286 elementor-701\" data-elementor-post-type=\"page\">\n\t\t\t\t<div class=\"elementor-element elementor-element-b289c68 e-flex e-con-boxed e-con e-parent\" data-id=\"b289c68\" data-element_type=\"container\">\n\t\t\t\t\t<div class=\"e-con-inner\">\n\t\t\t\t<div class=\"elementor-element elementor-element-0f3cd50 elementor-widget elementor-widget-html\" data-id=\"0f3cd50\" data-element_type=\"widget\" data-widget_type=\"html.default\">\n\t\t\t\t<div class=\"elementor-widget-container\">\n\t\t\t\t\t<h1>Uvjeti i odredbe (OU)<\/h1>\n\n<p>Dobrodo\u0161li u Villu Antoniju, Va\u0161e idealno odredi\u0161te za odmor s izborom smje\u0161taja koji uklju\u010duje vilu i dvije apartmanske ku\u0107e. Ovisno o veli\u010dini, na\u0161i apartmani su namjenjeni za 4 do 8 osoba. Pa\u017eljivo pro\u010ditajte sljede\u0107e uvjete i odredbe koji se odnose na va\u0161u rezervaciju i ostanite s nama.  <\/p>\n\n<p>Dobrodo\u0161li u Apartman Antonija - Antonija Vukoja (\u201cmi\u201d, \u201cnas\u201d), Va\u0161e idealno mjesto za odmor. Rezervacijom kod nas pristajete na sljede\u0107e uvjete i odredbe. <\/p>\n\n<h2>Rezervacija i pla\u0107anje<\/h2>\n<p>Prilikom rezervacije smje\u0161taja u Apartmanu Antonija potreban je depozit u iznosu od 20% od ukupne cijene rezervacije. Ovaj polog mora biti upla\u0107en putem bankovnog transfera u roku od 7 dana od zahtjeva za rezervaciju. Pla\u0107anje predstavlja potvrdu va\u0161e rezervacije i podlo\u017eno je na\u0161im pravilima otkazivanja.  <\/p>\n\n<h2>Bankovni podaci za depozit:<\/h2>\n<ul>\n<li>IBAN: HR70 2407 0003 2373 3547 8<\/li>\n<li>BIC: OTPVHR2X<\/li>\n<\/ul>\n\n<p>Molimo vas da prilikom prijenosa navedete svoje puno ime i prezime i datum boravka kao namjeravanu svrhu kako biste osigurali da se va\u0161a uplata mo\u017ee brzo rasporediti.<\/p>\n\n<h2>Politika otkazivanja<\/h2>\n<p>Otkazivanja moraju biti u pisanom obliku i s njima \u0107e se postupati u skladu sa sljede\u0107im uvjetima:<\/p>\n<ul>\n<li>Za otkazivanje vi\u0161e od 30 dana prije planiranog datuma dolaska, depozit \u0107e biti u cijelosti vra\u0107en.<\/li>\n<li>Za otkazivanje 14 do 30 dana prije planiranog datuma dolaska, 50% depozita \u0107e biti zadr\u017eano.<\/li>\n<li>Ako se otka\u017ee manje od 14 dana prije planiranog datuma dolaska, cijeli polog \u0107e biti zadr\u017ean.<\/li>\n<\/ul>\n\n<p>Preporu\u010damo sklapanje osiguranja od otkaza putovanja kako biste se za\u0161titili od nepredvi\u0111enih doga\u0111aja.<\/p>\n\n<h2>Prijava i odjava<\/h2>\n<p>Prijava je mogu\u0107a od 15:00 sati. Odjava mora biti najkasnije do 10:00 sati na dan odlaska. Molimo da nas unaprijed obavijestite ako planirate do\u0107i ili oti\u0107i izvan tog vremena.  <\/p>\n\n\n<h2>djeca<\/h2>\n<p>Djeca svih uzrasta su dobrodo\u0161la.<\/p>\n\n<h2>Ku\u0107ni ljubimci<\/h2>\n<p>Molimo da se unaprijed dogovorite ako \u017eelite sa sobom dovesti ku\u0107ne ljubimce. Za ku\u0107ne ljubimce mogu se primjenjivati \u200b\u200bdodatni uvjeti ili naknade. <\/p>\n\n<h2>zabrana pu\u0161enja<\/h2>\n<p>U svim na\u0161im jedinicama postoji stroga zabrana pu\u0161enja. Ovo tako\u0111er uklju\u010duje sve zajedni\u010dke prostorije. U slu\u010daju nepo\u0161tivanja pridr\u017eavamo pravo naplate naknade za \u010di\u0161\u0107enje.<\/p>\n\n<h2>Kori\u0161tenje smje\u0161taja<\/h2>\n<p>Gosti se obvezuju pa\u017eljivo se odnositi prema smje\u0161taju i svim sadr\u017eajima. Sva o\u0161te\u0107enja ili kvarovi moraju se odmah prijaviti. Smje\u0161taj mogu koristiti samo osobe navedene u rezervaciji, osim uz prethodnu pismenu suglasnost s na\u0161e strane.<\/p>\n\n<h2>Odgovornost<\/h2>\n<p>Ne prihva\u0107amo nikakvu odgovornost za bilo kakav gubitak, kra\u0111u ili \u0161tetu na imovini gostiju tijekom njihovog boravka. Isto tako, nismo odgovorni za bilo kakve nesre\u0107e ili ozljede koje se dogode u prostorijama na\u0161eg smje\u0161taja.<\/p>\n\n<h2>Promjene od strane najmodavca<\/h2>\n<p>Zadr\u017eavamo pravo potrebnih izmjena uvjeta rezervacije ili smje\u0161tajnih kapaciteta. U malo vjerojatnom slu\u010daju da bilo kakve promjene imaju zna\u010dajan utjecaj na va\u0161 boravak, bit \u0107ete odmah obavije\u0161teni.<\/p>\n\n<h2>\u010di\u0161\u0107enje<\/h2>\n<p>Zavr\u0161no \u010di\u0161\u0107enje je uklju\u010deno u cijenu. Ipak, molimo na\u0161e goste da smje\u0161taj ostave u urednom stanju. Mogu se primijeniti dodatne naknade za \u010di\u0161\u0107enje ako je nekretnina ostavljena u neadekvatnom stanju.<\/p>\n\n<h2>\u0160teta<\/h2>\n<p>Gosti su du\u017eni odmah prijaviti svaku \u0161tetu u smje\u0161taju ili inventaru tijekom boravka. Gosti mogu biti odgovorni za \u0161tetu koju prouzrokuju gosti ili osobe u njihovoj pratnji.<\/p>\n\n\n<h2>Sigurnosne mjere opreza<\/h2>\n<p>Sigurnost na\u0161ih gostiju nam je va\u017ena. Molimo vas da se po dolasku upoznate sa sigurnosnim mjerama objekta i putovima za bijeg. Slobodno nas kontaktirajte ako imate pitanja.<\/p>\n\n<h2>za\u0161tita podataka<\/h2>\n<p>Svi osobni podaci prikupljeni u sklopu rezervacije ili tijekom va\u0161eg boravka bit \u0107e tretirani u skladu s na\u0161om Politikom privatnosti i Op\u0107om uredbom o za\u0161titi podataka (GDPR). Va\u0161i podaci ne\u0107e biti proslije\u0111eni tre\u0107im stranama osim ako je to potrebno za obradu va\u0161e rezervacije ili iz pravnih razloga.<\/p>\n\n\n\n\n<h2>Dodatne usluge<\/h2>\n<p>Dodatne usluge koje nisu uklju\u010dene u cijenu rezervacije (kao \u0161to su dodatno \u010di\u0161\u0107enje, najam opreme za bebe i sl.) mogu se pru\u017eiti na zahtjev i uz dodatnu naknadu. Molimo kontaktirajte nas prije dolaska kako bismo razjasnili dostupnost i cijene.<\/p>\n\n\n\n\n<h2>Nadle\u017enost i izbor prava<\/h2>\n<p>Ovi Uvjeti i svi sporovi ili zahtjevi koji proizlaze iz ili u vezi s njima (uklju\u010duju\u0107i izvanugovorne sporove ili zahtjeve) bit \u0107e regulirani zakonom zemlje u kojoj se nalazi Smje\u0161taj. Strane se neopozivo sla\u017eu da \u0107e sudovi ove zemlje imati isklju\u010divu nadle\u017enost u odnosu na bilo koji spor ili zahtjev koji proizlazi iz ili je u vezi s ovim Uvjetima i odredbama ili njihovim stvaranjem.<\/p>\n\n\n<h2>Kontakt podaci<\/h2>\n<p>Ako imate bilo kakvih pitanja o ovim Uvjetima i odredbama ili va\u0161oj rezervaciji, kontaktirajte nas:<\/p>\n<ul>\n<li>Telefon: +49 (0) 157 \/ 8553 4116<\/li>\n<li>Email: dadovukoja@googlemail.com<\/li>\n<li>Adresa: \u010celina 2\/9, 22203 Rogoznica<\/li>\n<\/ul>\n\n<p>Radujemo se \u0161to \u0107emo Vam uskoro po\u017eeljeti dobrodo\u0161licu u Apartman Antonija i ponuditi Vam ugodan i opu\u0161taju\u0107i boravak.<\/p>\n\n<p><em>Zadnje a\u017euriranje: o\u017eujak 2024.<\/em><\/p>\n\n\t\t\t\t<\/div>\n\t\t\t\t<\/div>\n\t\t\t\t\t<\/div>\n\t\t\t\t<\/div>\n\t\t\t\t<\/div>\n\t\t","protected":false},"excerpt":{"rendered":"<p>Uvjeti i odredbe (OU) Dobrodo\u0161li u Villu Antoniju, Va\u0161e idealno odredi\u0161te za odmor s izborom smje\u0161taja koji uklju\u010duje vilu i dvije apartmanske ku\u0107e. Ovisno o veli\u010dini, na\u0161i apartmani su namjenjeni za 4 do 8 osoba. Pa\u017eljivo pro\u010ditajte sljede\u0107e uvjete i odredbe koji se odnose na va\u0161u rezervaciju i ostanite s nama. Dobrodo\u0161li u Apartman Antonija [&hellip;]<\/p>\n","protected":false},"author":2,"featured_media":0,"parent":0,"menu_order":0,"comment_status":"closed","ping_status":"closed","template":"","meta":{"footnotes":""},"class_list":["post-1286","page","type-page","status-publish","hentry"],"yoast_head":"<!-- This site is optimized with the Yoast SEO plugin v24.4 - https:\/\/yoast.com\/wordpress\/plugins\/seo\/ -->\n<title>Uvjeti - Antonija Apartments &amp; Villa Rogoznica<\/title>\n<meta name=\"robots\" content=\"index, follow, max-snippet:-1, max-image-preview:large, max-video-preview:-1\" \/>\n<link rel=\"canonical\" href=\"https:\/\/antonija.de\/hr\/uvjeti\" \/>\n<meta property=\"og:locale\" content=\"hr_HR\" \/>\n<meta property=\"og:type\" content=\"article\" \/>\n<meta property=\"og:title\" content=\"Uvjeti - Antonija Apartments &amp; Villa Rogoznica\" \/>\n<meta property=\"og:description\" content=\"Uvjeti i odredbe (OU) Dobrodo\u0161li u Villu Antoniju, Va\u0161e idealno odredi\u0161te za odmor s izborom smje\u0161taja koji uklju\u010duje vilu i dvije apartmanske ku\u0107e. Ovisno o veli\u010dini, na\u0161i apartmani su namjenjeni za 4 do 8 osoba. Pa\u017eljivo pro\u010ditajte sljede\u0107e uvjete i odredbe koji se odnose na va\u0161u rezervaciju i ostanite s nama. Dobrodo\u0161li u Apartman Antonija [&hellip;]\" \/>\n<meta property=\"og:url\" content=\"https:\/\/antonija.de\/hr\/uvjeti\" \/>\n<meta property=\"og:site_name\" content=\"Antonija Apartments &amp; Villa Rogoznica\" \/>\n<meta property=\"article:modified_time\" content=\"2024-04-22T13:53:19+00:00\" \/>\n<meta name=\"twitter:card\" content=\"summary_large_image\" \/>\n<meta name=\"twitter:label1\" content=\"Procijenjeno vrijeme \u010ditanja\" \/>\n\t<meta name=\"twitter:data1\" content=\"4 minute\" \/>\n<script type=\"application\/ld+json\" class=\"yoast-schema-graph\">{\"@context\":\"https:\/\/schema.org\",\"@graph\":[{\"@type\":\"WebPage\",\"@id\":\"https:\/\/antonija.de\/hr\/uvjeti\",\"url\":\"https:\/\/antonija.de\/hr\/uvjeti\",\"name\":\"Uvjeti - Antonija Apartments &amp; Villa Rogoznica\",\"isPartOf\":{\"@id\":\"https:\/\/antonija.de\/hr#website\"},\"datePublished\":\"2024-03-19T11:46:37+00:00\",\"dateModified\":\"2024-04-22T13:53:19+00:00\",\"breadcrumb\":{\"@id\":\"https:\/\/antonija.de\/hr\/uvjeti#breadcrumb\"},\"inLanguage\":\"hr\",\"potentialAction\":[{\"@type\":\"ReadAction\",\"target\":[\"https:\/\/antonija.de\/hr\/uvjeti\"]}]},{\"@type\":\"BreadcrumbList\",\"@id\":\"https:\/\/antonija.de\/hr\/uvjeti#breadcrumb\",\"itemListElement\":[{\"@type\":\"ListItem\",\"position\":1,\"name\":\"Startseite\",\"item\":\"https:\/\/antonija.de\/hr\"},{\"@type\":\"ListItem\",\"position\":2,\"name\":\"Uvjeti\"}]},{\"@type\":\"WebSite\",\"@id\":\"https:\/\/antonija.de\/hr#website\",\"url\":\"https:\/\/antonija.de\/hr\",\"name\":\"Antonija Apartments & Villa Rogoznica\",\"description\":\"\",\"publisher\":{\"@id\":\"https:\/\/antonija.de\/hr#organization\"},\"potentialAction\":[{\"@type\":\"SearchAction\",\"target\":{\"@type\":\"EntryPoint\",\"urlTemplate\":\"https:\/\/antonija.de\/hr?s={search_term_string}\"},\"query-input\":{\"@type\":\"PropertyValueSpecification\",\"valueRequired\":true,\"valueName\":\"search_term_string\"}}],\"inLanguage\":\"hr\"},{\"@type\":\"Organization\",\"@id\":\"https:\/\/antonija.de\/hr#organization\",\"name\":\"Antonija Apartments & Villa Rogoznica\",\"url\":\"https:\/\/antonija.de\/hr\",\"logo\":{\"@type\":\"ImageObject\",\"inLanguage\":\"hr\",\"@id\":\"https:\/\/antonija.de\/hr#\/schema\/logo\/image\/\",\"url\":\"https:\/\/antonija.de\/wp-content\/uploads\/2024\/01\/Logo-Antonija-Apartments.svg\",\"contentUrl\":\"https:\/\/antonija.de\/wp-content\/uploads\/2024\/01\/Logo-Antonija-Apartments.svg\",\"width\":256,\"height\":56,\"caption\":\"Antonija Apartments & Villa Rogoznica\"},\"image\":{\"@id\":\"https:\/\/antonija.de\/hr#\/schema\/logo\/image\/\"}}]}<\/script>\n<!-- \/ Yoast SEO plugin. -->","yoast_head_json":{"title":"Uvjeti - Antonija Apartments &amp; Villa Rogoznica","robots":{"index":"index","follow":"follow","max-snippet":"max-snippet:-1","max-image-preview":"max-image-preview:large","max-video-preview":"max-video-preview:-1"},"canonical":"https:\/\/antonija.de\/hr\/uvjeti","og_locale":"hr_HR","og_type":"article","og_title":"Uvjeti - Antonija Apartments &amp; Villa Rogoznica","og_description":"Uvjeti i odredbe (OU) Dobrodo\u0161li u Villu Antoniju, Va\u0161e idealno odredi\u0161te za odmor s izborom smje\u0161taja koji uklju\u010duje vilu i dvije apartmanske ku\u0107e. Ovisno o veli\u010dini, na\u0161i apartmani su namjenjeni za 4 do 8 osoba. Pa\u017eljivo pro\u010ditajte sljede\u0107e uvjete i odredbe koji se odnose na va\u0161u rezervaciju i ostanite s nama. Dobrodo\u0161li u Apartman Antonija [&hellip;]","og_url":"https:\/\/antonija.de\/hr\/uvjeti","og_site_name":"Antonija Apartments &amp; Villa Rogoznica","article_modified_time":"2024-04-22T13:53:19+00:00","twitter_card":"summary_large_image","twitter_misc":{"Procijenjeno vrijeme \u010ditanja":"4 minute"},"schema":{"@context":"https:\/\/schema.org","@graph":[{"@type":"WebPage","@id":"https:\/\/antonija.de\/hr\/uvjeti","url":"https:\/\/antonija.de\/hr\/uvjeti","name":"Uvjeti - Antonija Apartments &amp; Villa Rogoznica","isPartOf":{"@id":"https:\/\/antonija.de\/hr#website"},"datePublished":"2024-03-19T11:46:37+00:00","dateModified":"2024-04-22T13:53:19+00:00","breadcrumb":{"@id":"https:\/\/antonija.de\/hr\/uvjeti#breadcrumb"},"inLanguage":"hr","potentialAction":[{"@type":"ReadAction","target":["https:\/\/antonija.de\/hr\/uvjeti"]}]},{"@type":"BreadcrumbList","@id":"https:\/\/antonija.de\/hr\/uvjeti#breadcrumb","itemListElement":[{"@type":"ListItem","position":1,"name":"Startseite","item":"https:\/\/antonija.de\/hr"},{"@type":"ListItem","position":2,"name":"Uvjeti"}]},{"@type":"WebSite","@id":"https:\/\/antonija.de\/hr#website","url":"https:\/\/antonija.de\/hr","name":"Antonija Apartments & Villa Rogoznica","description":"","publisher":{"@id":"https:\/\/antonija.de\/hr#organization"},"potentialAction":[{"@type":"SearchAction","target":{"@type":"EntryPoint","urlTemplate":"https:\/\/antonija.de\/hr?s={search_term_string}"},"query-input":{"@type":"PropertyValueSpecification","valueRequired":true,"valueName":"search_term_string"}}],"inLanguage":"hr"},{"@type":"Organization","@id":"https:\/\/antonija.de\/hr#organization","name":"Antonija Apartments & Villa Rogoznica","url":"https:\/\/antonija.de\/hr","logo":{"@type":"ImageObject","inLanguage":"hr","@id":"https:\/\/antonija.de\/hr#\/schema\/logo\/image\/","url":"https:\/\/antonija.de\/wp-content\/uploads\/2024\/01\/Logo-Antonija-Apartments.svg","contentUrl":"https:\/\/antonija.de\/wp-content\/uploads\/2024\/01\/Logo-Antonija-Apartments.svg","width":256,"height":56,"caption":"Antonija Apartments & Villa Rogoznica"},"image":{"@id":"https:\/\/antonija.de\/hr#\/schema\/logo\/image\/"}}]}},"_links":{"self":[{"href":"https:\/\/antonija.de\/hr\/wp-json\/wp\/v2\/pages\/1286","targetHints":{"allow":["GET"]}}],"collection":[{"href":"https:\/\/antonija.de\/hr\/wp-json\/wp\/v2\/pages"}],"about":[{"href":"https:\/\/antonija.de\/hr\/wp-json\/wp\/v2\/types\/page"}],"author":[{"embeddable":true,"href":"https:\/\/antonija.de\/hr\/wp-json\/wp\/v2\/users\/2"}],"replies":[{"embeddable":true,"href":"https:\/\/antonija.de\/hr\/wp-json\/wp\/v2\/comments?post=1286"}],"version-history":[{"count":0,"href":"https:\/\/antonija.de\/hr\/wp-json\/wp\/v2\/pages\/1286\/revisions"}],"wp:attachment":[{"href":"https:\/\/antonija.de\/hr\/wp-json\/wp\/v2\/media?parent=1286"}],"curies":[{"name":"wp","href":"https:\/\/api.w.org\/{rel}","templated":true}]}}